{"id":8028,"date":"2021-05-21T16:22:10","date_gmt":"2021-05-21T14:22:10","guid":{"rendered":"https:\/\/milimex.pl\/?page_id=8028"},"modified":"2026-01-09T11:14:10","modified_gmt":"2026-01-09T10:14:10","slug":"polityka-prywatnosci","status":"publish","type":"page","link":"https:\/\/milimex.pl\/?page_id=8028","title":{"rendered":"Polityka prywatno\u015bci"},"content":{"rendered":"<section class=\"l-section wpb_row height_medium\"><div class=\"l-section-h i-cf\"><div class=\"g-cols vc_row via_flex valign_top type_default stacking_default\"><div class=\"vc_col-sm-12 wpb_column vc_column_container\"><div class=\"vc_column-inner\"><div class=\"wpb_wrapper\"><div class=\"wpb_text_column\"><div class=\"wpb_wrapper\"><h3 style=\"text-align: center;\">Polityka prywatno\u015bci<\/h3>\n<\/div><\/div><\/div><\/div><\/div><\/div><\/div><\/section><section class=\"l-section wpb_row height_medium\"><div class=\"l-section-h i-cf\"><div class=\"g-cols vc_row via_flex valign_top type_default stacking_default\"><div class=\"vc_col-sm-12 wpb_column vc_column_container\"><div class=\"vc_column-inner\"><div class=\"wpb_wrapper\"><div class=\"wpb_text_column\"><div class=\"wpb_wrapper\"><ol>\n<li><strong> Wst\u0119p<\/strong><\/li>\n<\/ol>\n<p>1.1. Szanujemy prawo do prywatno\u015bci i dbamy o bezpiecze\u0144stwo danych. Ochrona danych odbywa si\u0119 zgodnie z wymogami powszechnie obowi\u0105zuj\u0105cych przepis\u00f3w prawa, w szczeg\u00f3lno\u015bci RODO. \u00a0Przechowywanie danych ma miejsce na zabezpieczonych serwerach, komputerach, urz\u0105dzeniach przeno\u015bnych i\u00a0w\u00a0zabezpieczonych pomieszczeniach. Wdro\u017cyli\u015bmy odpowiednie zabezpieczenia techniczne i\u00a0organizacyjne, wprowadzili\u015bmy oraz stosujemy odpowiednie procedury, polityki i\u00a0instrukcje umo\u017cliwiaj\u0105ce w\u0142a\u015bciwe funkcjonowanie realizowanych przez nas proces\u00f3w przetwarzania danych, szkolimy nasz personel w dziedzinie ochrony danych, kontrolujemy i\u00a0weryfikujemy obowi\u0105zuj\u0105cy u nas system ochrony danych.<\/p>\n<p>&nbsp;<\/p>\n<p>1.2. Na potrzeby niniejszej Polityki Prywatno\u015bci u\u017cywamy nast\u0119puj\u0105cych skr\u00f3t\u00f3w:<\/p>\n<p>\u201ePolityka\u201d \u2013 oznacza niniejsz\u0105 Polityk\u0119 Prywatno\u015bci sp\u00f3\u0142ki Milimex S.A.;<\/p>\n<p>\u201eMy\u201d \u2013 oznacza Administratora, o kt\u00f3rym mowa w pkt 2;<\/p>\n<p>\u201eTy\u201d \u2013 oznacza Ciebie, czyli osob\u0119 fizyczn\u0105, kt\u00f3rych dane s\u0105 przez nas przetwarzane;<\/p>\n<p>\u201edane\u201d \u2013 oznacza dane osobowe;<\/p>\n<p>\u201eKlienci\u201d \u2013 oznacza dokonuj\u0105cych zakupu towar\u00f3w i us\u0142ug wchodz\u0105cych w sk\u0142ad naszej oferty handlowej;<\/p>\n<p>\u201eKontrahenci\u201d \u2013 oznacza podmioty dostarczaj\u0105ce nam towary i us\u0142ugi;<\/p>\n<p>\u201eRODO\u201d \u2013 oznacza Rozporz\u0105dzenie Parlamentu Europejskiego i Rady (UE) 2016\/679 z dnia 27\u00a0kwietnia 2016 r. w sprawie ochrony os\u00f3b fizycznych w zwi\u0105zku z przetwarzaniem danych osobowych i w sprawie swobodnego przep\u0142ywu takich danych oraz uchylenia dyrektywy 95\/46\/WE.<\/p>\n<p>&nbsp;<\/p>\n<ol start=\"2\">\n<li><strong> Administrator<\/strong><\/li>\n<\/ol>\n<p>Administratorem\u00a0 Danych\u00a0 Osobowych jest Milimex S.A. z siedzib\u0105 w Siemianowicach \u015al\u0105skich (41-100), ul. Olimpijska 7, tel.: 32 228 01 11, adres email: biuro@milimex.pl<\/p>\n<p>Kontakt z Inspektorem Ochrony Danych: inspektor@inspektor-gliwice.pl<\/p>\n<p>&nbsp;<\/p>\n<ol start=\"3\">\n<li><strong> Cele, podstawy prawne przetwarzania, okres przechowywania, przekazywanie danych do pa\u0144stw trzecich lub organizacji mi\u0119dzynarodowych<\/strong><\/li>\n<\/ol>\n<p>&nbsp;<\/p>\n<p>Cele przetwarzania zale\u017c\u0105 od kontekstu, w jakim dane osobowe zosta\u0142y zebrane. Na og\u00f3\u0142 dane s\u0105 zbierane w celu:<\/p>\n<ol>\n<li>zawarcia i wykonania umowy pomi\u0119dzy Administratorem a osob\u0105 fizyczn\u0105 lub firm\u0105, kt\u00f3r\u0105 ta osoba reprezentuje &#8211; art. 6 ust. 1 lit. b) RODO,<\/li>\n<li>realizacji obowi\u0105zk\u00f3w prawnych ci\u0105\u017c\u0105cych na Administratorze, wynikaj\u0105cych z przepis\u00f3w podatkowych, rachunkowych i innych &#8211; art. 6 ust. 1 lit. c) RODO,<\/li>\n<li>uzasadnionego interesu Administratora (utrzymanie relacji biznesowych) &#8211; art. 6 ust. 1 lit. f) RODO.<\/li>\n<\/ol>\n<p>Dane osobowe b\u0119d\u0105 przetwarzane do chwili cofni\u0119cia zgody na przetwarzanie (w zakresie, w jakim przes\u0142ank\u0105 przetwarzania jest udzielona zgoda), a w pozosta\u0142ym zakresie \u2013 do zako\u0144czenia procesu w\u00a0ramach kt\u00f3rego zosta\u0142y zebrane, ew. przez d\u0142u\u017cszy okres wskazany w przepisach prawa (je\u015bli dotyczy).<\/p>\n<p>Nie przekazujemy danych do pa\u0144stw trzecich ani organizacji mi\u0119dzynarodowych.<\/p>\n<p>&nbsp;<\/p>\n<ol start=\"4\">\n<li><strong> Osoby, kt\u00f3rym dane s\u0105 przekazywane<\/strong><\/li>\n<\/ol>\n<p>Odbiorcami Twoich danych osobowych mog\u0105 by\u0107 w\u0142a\u015bciwe Urz\u0119dy Skarbowe i inne organy nadzoruj\u0105ce przestrzeganie prawa, organy regulacyjne i inne w\u0142adze rz\u0105dowe lub osoby trzecie, je\u015bli wymagaj\u0105 tego obowi\u0105zuj\u0105ce przepisy prawa (przekazanie danych nast\u0105pi zgodnie z tymi przepisami).\u00a0 Ponadto Twoje dane s\u0105 przekazywane podmiotom, kt\u00f3rym zlecamy wykonywanie us\u0142ug prawnych, naszym bieg\u0142ym rewidentom, podmiotom zajmuj\u0105cym si\u0119 dostaw\u0105 lub obs\u0142ug\u0105 naszego systemu informatycznego lub dostarczaj\u0105 nam inne us\u0142ugi IT, podmiotom odpowiedzialnym za kontrol\u0119 wej\u015b\u0107 i wyj\u015b\u0107 na nasz teren, a tak\u017ce podmiotom dokonuj\u0105cym zniszczenia no\u015bnik\u00f3w danych, na podstawie zawartej z nami umowy oraz dostarczaj\u0105cych nam inne us\u0142ugi lub towary, wspomagaj\u0105ce nasz\u0105 dzia\u0142alno\u015b\u0107.<\/p>\n<p>&nbsp;<\/p>\n<ol start=\"5\">\n<li><strong> Twoje prawa<\/strong><\/li>\n<\/ol>\n<p>5.1. Przys\u0142uguje Ci:<\/p>\n<p>5.1.1.\u00a0\u00a0\u00a0\u00a0\u00a0 Prawo dost\u0119pu do swoich danych oraz otrzymania ich kopii.<\/p>\n<p>5.1.2.\u00a0\u00a0\u00a0\u00a0\u00a0 Prawo do sprostowania (poprawiania) swoich danych.<\/p>\n<p>5.1.3.\u00a0\u00a0\u00a0\u00a0\u00a0 Prawo do usuni\u0119cia danych.<\/p>\n<p>Je\u017celi Twoim zdaniem nie ma podstaw do tego, aby\u015bmy przetwarzali Twoje dane, mo\u017cesz za\u017c\u0105da\u0107, aby\u015bmy je usun\u0119li. Prawo niniejsze mo\u017ce nie zosta\u0107 zrealizowane, je\u017celi przetwarzanie danych przez nas jest obowi\u0105zkowe lub posiadamy inn\u0105 podstaw\u0119 do ich przetwarzania ani\u017celi Twoj\u0105 zgod\u0119.<\/p>\n<p>5.1.4.\u00a0\u00a0\u00a0\u00a0\u00a0 Prawo do ograniczenia przetwarzania danych<\/p>\n<p>Mo\u017cesz za\u017c\u0105da\u0107, aby\u015bmy ograniczyli przetwarzanie Twoich danych osobowych wy\u0142\u0105cznie do ich przechowywania lub wykonywania uzgodnionych z Tob\u0105 dzia\u0142a\u0144, je\u017celi Twoim zdaniem mamy nieprawid\u0142owe dane na Tw\u00f3j temat lub przetwarzamy je bezpodstawnie; lub nie chcesz, \u017ceby\u015bmy je usun\u0119li, bo s\u0105 Ci potrzebne do ustalenia, dochodzenia lub obrony roszcze\u0144; lub na czas wniesionego przez Ciebie sprzeciwu wzgl\u0119dem przetwarzania danych. Prawo niniejsze mo\u017ce nie zosta\u0107 zrealizowane, je\u017celi przetwarzanie danych przez nas jest obowi\u0105zkowe (to znaczy wymagane prawem) lub posiadamy inn\u0105 podstaw\u0119 do ich przetwarzania ani\u017celi Twoj\u0105 zgod\u0119.<\/p>\n<p>5.1.5.\u00a0\u00a0\u00a0\u00a0\u00a0 Prawo do wniesienia sprzeciwu wobec przetwarzania danych.<\/p>\n<p>Osoby fizyczne maj\u0105 prawo ograniczenia przetwarzania lub wniesienia sprzeciwu wobec przetwarzania swoich danych w dowolnej chwili, ze wzgl\u0119du na ich szczeg\u00f3ln\u0105 sytuacj\u0119, chyba \u017ce przetwarzanie jest wymagane prawem. W takim przypadku, nie b\u0119dziemy dalej przetwarza\u0107 danych lub ograniczymy przetwarzanie, o ile jeste\u015bmy w stanie wykaza\u0107 prawnie uzasadnione podstawy przetwarzania lub ustalenia, wykonywania lub obrony naszych praw.<\/p>\n<p>5.1.6.\u00a0\u00a0\u00a0\u00a0\u00a0 Prawo do przenoszenia danych:<\/p>\n<p>Masz prawo otrzyma\u0107 od nas w ustrukturyzowanym, powszechnie u\u017cywanym formacie nadaj\u0105cym si\u0119 do odczytu maszynowe\u00adgo (np. format ,,.csv\u201d dane Ciebie dotycz\u0105ce, kt\u00f3re nam dostarczy\u0142a\u015b na podstawie umowy lub Twojej zgody. Mo\u017cesz te\u017c zleci\u0107 nam przes\u0142anie tych danych bezpo\u015brednio innemu podmiotowi). Prawo niniejsze mo\u017ce nie zosta\u0107 zrealizowane, je\u017celi przetwarzanie danych przez nas jest obowi\u0105zkowe lub posiadamy inn\u0105 podstaw\u0119 do ich przetwarzania ani\u017celi Twoj\u0105 zgod\u0119 lub umow\u0119, a tak\u017ce gdy Twoje dane s\u0105 przetwarzane wy\u0142\u0105cznie w formie papierowej.<\/p>\n<p>&nbsp;<\/p>\n<p>5.1.7.\u00a0\u00a0\u00a0\u00a0\u00a0 Prawo do wniesienia skargi.<\/p>\n<p>&nbsp;<\/p>\n<p>Ochrona Twoich danych jest dla nas priorytetem. Je\u017celi jednak uwa\u017casz, \u017ce przetwarzamy Twoje dane niezgodnie z prawem, w przypadku ch\u0119ci wniesienia skargi w sprawie wykorzystywania przez nas danych, prosimy przes\u0142a\u0107 maila wraz ze szczeg\u00f3\u0142owymi informacjami dotycz\u0105cymi skargi na adres e-mail wskazany w 2. Wszelkie otrzymane skargi zostan\u0105 rozpatrzone i udzielimy na nie odpowiedzi. Mo\u017cesz z\u0142o\u017cy\u0107 skarg\u0119 do Prezesa Urz\u0119du Ochrony Danych Osobowych (ul. Stawki 2, 00-193 Warszawa).<\/p>\n<p>5.1.8.\u00a0\u00a0\u00a0\u00a0\u00a0 Prawo do cofni\u0119cia zgody na przetwarzanie danych.<\/p>\n<p>W ka\u017cdej chwili masz prawo cofn\u0105\u0107 zgod\u0119 na przetwarzanie tych danych, kt\u00f3re przetwarzamy na podstawie Twojej zgody. Cofni\u0119cie zgody nie b\u0119dzie wp\u0142ywa\u0107 na zgodno\u015b\u0107 z prawem przetwarzania, kt\u00f3rego dokonano na podstawie Twojej zgody przed jej wycofaniem. Prawo niniejsze mo\u017ce nie zosta\u0107 zrealizowane, je\u017celi przetwarzanie danych przez nas jest obowi\u0105zkowe lub posiadamy inn\u0105 podstaw\u0119 do ich przetwarzania ani\u017celi Twoj\u0105 zgod\u0119.<\/p>\n<p>&nbsp;<\/p>\n<p>5.2. W celu wykonania swoich praw skieruj \u017c\u0105danie pod adres email wskazany w pkt 2 lub zg\u0142o\u015b si\u0119 pod adres wskazany w pkt 2.<\/p>\n<p>5.3. Pami\u0119taj, \u017ce przed realizacj\u0105 Twoich uprawnie\u0144 b\u0119dziemy si\u0119 musieli upewni\u0107, \u017ce Ty to Ty, czyli odpowiednio Ci\u0119 zidentyfikowa\u0107. W tym celu mo\u017cemy prosi\u0107 Ci\u0119 o okazanie dowodu osobistego, a je\u017celi zg\u0142oszenie ma form\u0119 e-mail \u2013 telefonicznie ustali\u0107 Twoj\u0105 to\u017csamo\u015b\u0107.<\/p>\n<p>&nbsp;<\/p>\n<ol start=\"6\">\n<li><strong> Profilowanie<\/strong><\/li>\n<\/ol>\n<p>Twoje dane nie s\u0105 przez nas profilowane. Profilowanie, zgodnie z RODO, oznacza form\u0119 zautomatyzowanego przetwarzania danych, kt\u00f3re polega na wykorzystaniu danych do oceny niekt\u00f3rych czynnik\u00f3w osobowych osoby fizycznej, w szczeg\u00f3lno\u015bci do analizy lub prognozy aspekt\u00f3w dotycz\u0105cych efekt\u00f3w pracy tej osoby fizycznej, jej sytuacji ekonomicznej, zdrowia, osobistych preferencji, zainteresowa\u0144, wiarygodno\u015bci, zachowania, lokalizacji lub przemieszczania si\u0119.<\/p>\n<p>&nbsp;<\/p>\n<ol start=\"7\">\n<li><strong> W jaki spos\u00f3b chronimy twoje dane osobowe<\/strong><\/li>\n<\/ol>\n<p><strong>\u00a0<\/strong>Aby zapewni\u0107 bezpiecze\u0144stwo Twoich danych wdro\u017cyli\u015bmy wewn\u0119trzne procedury i standardy. Ponadto ograniczamy dost\u0119p do danych osobowych dla naszych pracownik\u00f3w, partner\u00f3w biznesowych i us\u0142ugodawc\u00f3w do niezb\u0119dnego minimum. W szczeg\u00f3lno\u015bci, zgodnie z prawem, podejmujemy odpowiednie dzia\u0142ania techniczne i organizacyjne (polityki i procedury, bezpiecze\u0144stwo IT i inne) w celu zapewnienia poufno\u015bci i integralno\u015bci Twoich danych osobowych oraz sposobu ich przetwarzania.<\/p>\n<p><strong>\u00a0<\/strong><\/p>\n<ol start=\"8\">\n<li><strong> Pliki cookies<\/strong><\/li>\n<\/ol>\n<p>Cookies \u2013 czyli ciasteczka. S\u0105 to pliki tekstowe, kt\u00f3re s\u0105 wykorzystywane do przesy\u0142ania informacji mi\u0119dzy Twoim komputerem a stron\u0105 internetow\u0105.<\/p>\n<p>Zasadniczo wyr\u00f3\u017cniamy dwa rodzaje plik\u00f3w cookies:<\/p>\n<p><strong>Techniczne\u00a0<\/strong>\u2013 kt\u00f3re s\u0142u\u017c\u0105 do tego, by strona w\u0142a\u015bciwie wygl\u0105da\u0142a. Dzi\u0119ki takim plikom rozpoznajemy jaka jest wielko\u015b\u0107\/rozdzielczo\u015b\u0107 ekranu i strona mo\u017ce si\u0119 do niej dostosowa\u0107, dzi\u0119ki czemu strona dostarcza w\u0142a\u015bciwie, dostosowane do urz\u0105dzenia tre\u015bci, by maksymalnie u\u0142atwi\u0107 korzystanie z niej. Takie pliki u\u017cywamy. Bez ich akceptacji, strona mo\u017ce dzia\u0142a\u0107 nieprawid\u0142owo.<\/p>\n<p><strong>Marketingowe\u00a0<\/strong>\u2013 kt\u00f3re s\u0142u\u017c\u0105 identyfikowaniu Ciebie na stronie i przesy\u0142anie dostosowanych do Ciebie tre\u015bci \u2013 z przyjemno\u015bci\u0105 mo\u017cemy poinformowa\u0107, \u017ce szanujemy naszych klient\u00f3w, i nie profilujemy ich ani nie przesy\u0142amy wycelowanych tre\u015bci marketingowych.<\/p>\n<p>&nbsp;<\/p>\n<p>Je\u015bli chcesz wyczy\u015bci\u0107 pliki cookies, mo\u017cesz to wykona\u0107 za pomoc\u0105 swojej przegl\u0105darki internetowej.<\/p>\n<p><strong>Chrome<\/strong><\/p>\n<p>Otw\u00f3rz Chrome. na komputerze. W prawym g\u00f3rnym rogu kliknij Wi\u0119cej Ustawienia .<br \/>\nKliknij Prywatno\u015b\u0107 i bezpiecze\u0144stwo. Pliki cookie i inne dane witryn. Kliknij Zobacz wszystkie dane witryn i uprawnienia. Wyczy\u015b\u0107 wszystkie dane. Aby potwierdzi\u0107, kliknij Wyczy\u015b\u0107.<\/p>\n<p><strong>Firefox<\/strong><\/p>\n<p>Z paska menu u g\u00f3ry ekranu wybierz Firefox, a nast\u0119pnie Preferencje. Naci\u015bnij przycisk menu i wybierz Opcje. Przejd\u017a do panelu Prywatno\u015b\u0107 i bezpiecze\u0144stwo, a nast\u0119pnie do sekcji Ciasteczka i dane stron.<\/p>\n<p>Kliknij przycisk Wyczy\u015b\u0107 dane.<\/p>\n<p>Naci\u015bnij Wyczy\u015b\u0107.<\/p>\n<p><strong>Edge<\/strong><\/p>\n<p>W przegl\u0105darce Edge wybierz pozycj\u0119 Ustawienia i nie tylko w prawym g\u00f3rnym rogu okna przegl\u0105darki. Wybierz kolejno pozycje Ustawienia &gt; Prywatno\u015b\u0107, wyszukiwanie i us\u0142ugi. Wybierz pozycj\u0119 Wybierz elementy do wyczyszczenia w obszarze Wyczy\u015b\u0107 dane przegl\u0105dania &gt; Wyczy\u015b\u0107 dane przegl\u0105dania teraz<\/p>\n<p>Je\u015bli posiadasz inn\u0105 przegl\u0105dark\u0119, prosimy o zapoznanie si\u0119 z informacjami producenta przegl\u0105darki.<\/p>\n<\/div><\/div><\/div><\/div><\/div><\/div><\/div><\/section>\n","protected":false},"excerpt":{"rendered":"Polityka prywatno\u015bci Wst\u0119p 1.1. Szanujemy prawo do prywatno\u015bci i dbamy o bezpiecze\u0144stwo danych. Ochrona danych odbywa si\u0119 zgodnie z wymogami powszechnie obowi\u0105zuj\u0105cych przepis\u00f3w prawa, w szczeg\u00f3lno\u015bci RODO. \u00a0Przechowywanie danych ma miejsce na zabezpieczonych serwerach, komputerach, urz\u0105dzeniach przeno\u015bnych i\u00a0w\u00a0zabezpieczonych pomieszczeniach. Wdro\u017cyli\u015bmy odpowiednie zabezpieczenia techniczne i\u00a0organizacyjne, wprowadzili\u015bmy oraz stosujemy odpowiednie procedury, polityki i\u00a0instrukcje umo\u017cliwiaj\u0105ce w\u0142a\u015bciwe funkcjonowanie realizowanych...","protected":false},"author":3,"featured_media":0,"parent":0,"menu_order":0,"comment_status":"closed","ping_status":"closed","template":"","meta":{"footnotes":""},"class_list":["post-8028","page","type-page","status-publish","hentry"],"_links":{"self":[{"href":"https:\/\/milimex.pl\/index.php?rest_route=\/wp\/v2\/pages\/8028","targetHints":{"allow":["GET"]}}],"collection":[{"href":"https:\/\/milimex.pl\/index.php?rest_route=\/wp\/v2\/pages"}],"about":[{"href":"https:\/\/milimex.pl\/index.php?rest_route=\/wp\/v2\/types\/page"}],"author":[{"embeddable":true,"href":"https:\/\/milimex.pl\/index.php?rest_route=\/wp\/v2\/users\/3"}],"replies":[{"embeddable":true,"href":"https:\/\/milimex.pl\/index.php?rest_route=%2Fwp%2Fv2%2Fcomments&post=8028"}],"version-history":[{"count":8,"href":"https:\/\/milimex.pl\/index.php?rest_route=\/wp\/v2\/pages\/8028\/revisions"}],"predecessor-version":[{"id":9130,"href":"https:\/\/milimex.pl\/index.php?rest_route=\/wp\/v2\/pages\/8028\/revisions\/9130"}],"wp:attachment":[{"href":"https:\/\/milimex.pl\/index.php?rest_route=%2Fwp%2Fv2%2Fmedia&parent=8028"}],"curies":[{"name":"wp","href":"https:\/\/api.w.org\/{rel}","templated":true}]}}